{"id":31,"date":"2025-11-16T22:18:43","date_gmt":"2025-11-17T03:18:43","guid":{"rendered":"https:\/\/totalconsultingroup.com\/site\/?page_id=31"},"modified":"2025-11-28T09:52:30","modified_gmt":"2025-11-28T14:52:30","slug":"inicio","status":"publish","type":"page","link":"https:\/\/totalconsultingroup.com\/site\/","title":{"rendered":"Inicio"},"content":{"rendered":"\t\t<div data-elementor-type=\"wp-page\" data-elementor-id=\"31\" class=\"elementor elementor-31\">\n\t\t\t\t<div class=\"elementor-element elementor-element-e4d3a0b e-con-full e-flex e-con e-parent\" data-id=\"e4d3a0b\" data-element_type=\"container\">\n\t\t\t\t<\/div>\n\t\t<div class=\"elementor-element elementor-element-fc32fe1 e-flex e-con-boxed e-con e-parent\" data-id=\"fc32fe1\" data-element_type=\"container\">\n\t\t\t\t\t<div class=\"e-con-inner\">\n\t\t\t\t<div class=\"elementor-element elementor-element-85de833 elementor-widget elementor-widget-spacer\" data-id=\"85de833\" data-element_type=\"widget\" data-widget_type=\"spacer.default\">\n\t\t\t\t\t\t\t<div class=\"elementor-spacer\">\n\t\t\t<div class=\"elementor-spacer-inner\"><\/div>\n\t\t<\/div>\n\t\t\t\t\t\t<\/div>\n\t\t\t\t\t<\/div>\n\t\t\t\t<\/div>\n\t\t<div class=\"elementor-element elementor-element-69efbe0 e-flex e-con-boxed e-con e-parent\" data-id=\"69efbe0\" data-element_type=\"container\">\n\t\t\t\t\t<div class=\"e-con-inner\">\n\t\t<div class=\"elementor-element elementor-element-da0c071 e-con-full e-flex e-con e-child\" data-id=\"da0c071\" data-element_type=\"container\">\n\t\t\t\t<div class=\"elementor-element elementor-element-509f45f elementor-align-center elementor-widget elementor-widget-button\" data-id=\"509f45f\" data-element_type=\"widget\" data-widget_type=\"button.default\">\n\t\t\t\t\t\t\t\t\t\t<a class=\"elementor-button elementor-button-link elementor-size-sm\" href=\"#\">\n\t\t\t\t\t\t<span class=\"elementor-button-content-wrapper\">\n\t\t\t\t\t\t\t\t\t<span class=\"elementor-button-text\">Todos<\/span>\n\t\t\t\t\t<\/span>\n\t\t\t\t\t<\/a>\n\t\t\t\t\t\t\t\t<\/div>\n\t\t\t\t<\/div>\n\t\t<div class=\"elementor-element elementor-element-c66e8ae e-con-full e-flex e-con e-child\" data-id=\"c66e8ae\" data-element_type=\"container\">\n\t\t\t\t<div class=\"elementor-element elementor-element-5a0245e elementor-align-center elementor-widget elementor-widget-button\" data-id=\"5a0245e\" data-element_type=\"widget\" data-widget_type=\"button.default\">\n\t\t\t\t\t\t\t\t\t\t<a class=\"elementor-button elementor-button-link elementor-size-sm\" href=\"#\">\n\t\t\t\t\t\t<span class=\"elementor-button-content-wrapper\">\n\t\t\t\t\t\t\t\t\t<span class=\"elementor-button-text\">Cursos<\/span>\n\t\t\t\t\t<\/span>\n\t\t\t\t\t<\/a>\n\t\t\t\t\t\t\t\t<\/div>\n\t\t\t\t<\/div>\n\t\t<div class=\"elementor-element elementor-element-95a0a31 e-con-full e-flex e-con e-child\" data-id=\"95a0a31\" data-element_type=\"container\">\n\t\t\t\t<div class=\"elementor-element elementor-element-924ed4d elementor-align-center elementor-widget elementor-widget-button\" data-id=\"924ed4d\" data-element_type=\"widget\" data-widget_type=\"button.default\">\n\t\t\t\t\t\t\t\t\t\t<a class=\"elementor-button elementor-button-link elementor-size-sm\" href=\"#\">\n\t\t\t\t\t\t<span class=\"elementor-button-content-wrapper\">\n\t\t\t\t\t\t\t\t\t<span class=\"elementor-button-text\">Webinars<\/span>\n\t\t\t\t\t<\/span>\n\t\t\t\t\t<\/a>\n\t\t\t\t\t\t\t\t<\/div>\n\t\t\t\t<\/div>\n\t\t<div class=\"elementor-element elementor-element-4ac6903 e-con-full e-flex e-con e-child\" data-id=\"4ac6903\" data-element_type=\"container\">\n\t\t\t\t<div class=\"elementor-element elementor-element-c147da4 elementor-align-center elementor-widget elementor-widget-button\" data-id=\"c147da4\" data-element_type=\"widget\" data-widget_type=\"button.default\">\n\t\t\t\t\t\t\t\t\t\t<a class=\"elementor-button elementor-button-link elementor-size-sm\" href=\"#\">\n\t\t\t\t\t\t<span class=\"elementor-button-content-wrapper\">\n\t\t\t\t\t\t\t\t\t<span class=\"elementor-button-text\">Programas Integrales<\/span>\n\t\t\t\t\t<\/span>\n\t\t\t\t\t<\/a>\n\t\t\t\t\t\t\t\t<\/div>\n\t\t\t\t<\/div>\n\t\t<div class=\"elementor-element elementor-element-19ad19a e-con-full e-flex e-con e-child\" data-id=\"19ad19a\" data-element_type=\"container\">\n\t\t\t\t<div class=\"elementor-element elementor-element-d5a00e2 elementor-align-center elementor-widget elementor-widget-button\" data-id=\"d5a00e2\" data-element_type=\"widget\" data-widget_type=\"button.default\">\n\t\t\t\t\t\t\t\t\t\t<a class=\"elementor-button elementor-button-link elementor-size-sm\" href=\"#\">\n\t\t\t\t\t\t<span class=\"elementor-button-content-wrapper\">\n\t\t\t\t\t\t\t\t\t<span class=\"elementor-button-text\">Especializaciones<\/span>\n\t\t\t\t\t<\/span>\n\t\t\t\t\t<\/a>\n\t\t\t\t\t\t\t\t<\/div>\n\t\t\t\t<\/div>\n\t\t\t\t\t<\/div>\n\t\t\t\t<\/div>\n\t\t<div class=\"elementor-element elementor-element-b368b9d e-flex e-con-boxed e-con e-parent\" data-id=\"b368b9d\" data-element_type=\"container\">\n\t\t\t\t\t<div class=\"e-con-inner\">\n\t\t\t\t<div class=\"elementor-element elementor-element-caba988 elementor-widget elementor-widget-spacer\" data-id=\"caba988\" data-element_type=\"widget\" data-widget_type=\"spacer.default\">\n\t\t\t\t\t\t\t<div class=\"elementor-spacer\">\n\t\t\t<div class=\"elementor-spacer-inner\"><\/div>\n\t\t<\/div>\n\t\t\t\t\t\t<\/div>\n\t\t\t\t\t<\/div>\n\t\t\t\t<\/div>\n\t\t<div class=\"elementor-element elementor-element-5bcaf7f e-grid e-con-full elementor-invisible e-con e-parent\" data-id=\"5bcaf7f\" data-element_type=\"container\" data-settings=\"{&quot;animation&quot;:&quot;fadeInUp&quot;}\">\n\t\t\t\t<div class=\"elementor-element elementor-element-f1bc1b5 elementor-widget elementor-widget-image\" data-id=\"f1bc1b5\" data-element_type=\"widget\" data-widget_type=\"image.default\">\n\t\t\t\t\t\t\t\t\t\t\t\t\t\t\t\t<a href=\"https:\/\/totalconsultingroup.com\/site\/wp-content\/uploads\/2025\/11\/Webinar_Gratuito_Elaboracion_de_la_documentacion_del_sistema_haccp_para_digesa_y_senasa.jpeg\" data-elementor-open-lightbox=\"yes\" data-elementor-lightbox-title=\"Webinar_Gratuito_Elaboracion_de_la_documentacion_del_sistema_haccp_para_digesa_y_senasa\" data-e-action-hash=\"#elementor-action%3Aaction%3Dlightbox%26settings%3DeyJpZCI6MzMsInVybCI6Imh0dHBzOlwvXC90b3RhbGNvbnN1bHRpbmdyb3VwLmNvbVwvc2l0ZVwvd3AtY29udGVudFwvdXBsb2Fkc1wvMjAyNVwvMTFcL1dlYmluYXJfR3JhdHVpdG9fRWxhYm9yYWNpb25fZGVfbGFfZG9jdW1lbnRhY2lvbl9kZWxfc2lzdGVtYV9oYWNjcF9wYXJhX2RpZ2VzYV95X3NlbmFzYS5qcGVnIn0%3D\">\n\t\t\t\t\t\t\t<img fetchpriority=\"high\" decoding=\"async\" width=\"1024\" height=\"1024\" src=\"https:\/\/totalconsultingroup.com\/site\/wp-content\/uploads\/2025\/11\/Webinar_Gratuito_Elaboracion_de_la_documentacion_del_sistema_haccp_para_digesa_y_senasa-1024x1024.jpeg\" class=\"attachment-large size-large wp-image-33\" alt=\"\" srcset=\"https:\/\/totalconsultingroup.com\/site\/wp-content\/uploads\/2025\/11\/Webinar_Gratuito_Elaboracion_de_la_documentacion_del_sistema_haccp_para_digesa_y_senasa-1024x1024.jpeg 1024w, https:\/\/totalconsultingroup.com\/site\/wp-content\/uploads\/2025\/11\/Webinar_Gratuito_Elaboracion_de_la_documentacion_del_sistema_haccp_para_digesa_y_senasa-300x300.jpeg 300w, https:\/\/totalconsultingroup.com\/site\/wp-content\/uploads\/2025\/11\/Webinar_Gratuito_Elaboracion_de_la_documentacion_del_sistema_haccp_para_digesa_y_senasa-150x150.jpeg 150w, https:\/\/totalconsultingroup.com\/site\/wp-content\/uploads\/2025\/11\/Webinar_Gratuito_Elaboracion_de_la_documentacion_del_sistema_haccp_para_digesa_y_senasa-768x768.jpeg 768w, https:\/\/totalconsultingroup.com\/site\/wp-content\/uploads\/2025\/11\/Webinar_Gratuito_Elaboracion_de_la_documentacion_del_sistema_haccp_para_digesa_y_senasa-1536x1536.jpeg 1536w, https:\/\/totalconsultingroup.com\/site\/wp-content\/uploads\/2025\/11\/Webinar_Gratuito_Elaboracion_de_la_documentacion_del_sistema_haccp_para_digesa_y_senasa.jpeg 1599w\" sizes=\"(max-width: 1024px) 100vw, 1024px\" \/>\t\t\t\t\t\t\t\t<\/a>\n\t\t\t\t\t\t\t\t\t\t\t\t\t\t\t<\/div>\n\t\t\t\t<div class=\"elementor-element elementor-element-e574730 elementor-widget elementor-widget-image\" data-id=\"e574730\" data-element_type=\"widget\" data-widget_type=\"image.default\">\n\t\t\t\t\t\t\t\t\t\t\t\t\t\t\t\t<a href=\"https:\/\/totalconsultingroup.com\/site\/wp-content\/uploads\/2025\/11\/Curso_taller_Implementacion_1x1-1.jpeg\" data-elementor-open-lightbox=\"yes\" data-elementor-lightbox-title=\"Curso_taller_Implementacion_1x1\" data-e-action-hash=\"#elementor-action%3Aaction%3Dlightbox%26settings%3DeyJpZCI6MjMsInVybCI6Imh0dHBzOlwvXC90b3RhbGNvbnN1bHRpbmdyb3VwLmNvbVwvc2l0ZVwvd3AtY29udGVudFwvdXBsb2Fkc1wvMjAyNVwvMTFcL0N1cnNvX3RhbGxlcl9JbXBsZW1lbnRhY2lvbl8xeDEtMS5qcGVnIn0%3D\">\n\t\t\t\t\t\t\t<img decoding=\"async\" width=\"877\" height=\"877\" src=\"https:\/\/totalconsultingroup.com\/site\/wp-content\/uploads\/2025\/11\/Curso_taller_Implementacion_1x1-1.jpeg\" class=\"attachment-large size-large wp-image-23\" alt=\"\" srcset=\"https:\/\/totalconsultingroup.com\/site\/wp-content\/uploads\/2025\/11\/Curso_taller_Implementacion_1x1-1.jpeg 877w, https:\/\/totalconsultingroup.com\/site\/wp-content\/uploads\/2025\/11\/Curso_taller_Implementacion_1x1-1-300x300.jpeg 300w, https:\/\/totalconsultingroup.com\/site\/wp-content\/uploads\/2025\/11\/Curso_taller_Implementacion_1x1-1-150x150.jpeg 150w, https:\/\/totalconsultingroup.com\/site\/wp-content\/uploads\/2025\/11\/Curso_taller_Implementacion_1x1-1-768x768.jpeg 768w\" sizes=\"(max-width: 877px) 100vw, 877px\" \/>\t\t\t\t\t\t\t\t<\/a>\n\t\t\t\t\t\t\t\t\t\t\t\t\t\t\t<\/div>\n\t\t\t\t<div class=\"elementor-element elementor-element-43e8aa5 elementor-widget elementor-widget-image\" data-id=\"43e8aa5\" data-element_type=\"widget\" data-widget_type=\"image.default\">\n\t\t\t\t\t\t\t\t\t\t\t\t\t\t\t\t<a href=\"https:\/\/totalconsultingroup.com\/site\/wp-content\/uploads\/2025\/11\/Webinar_Gratuito_implementacion_normas_gfsi_brcgs_food_safety_v9_packaging_material_v7_fssc_22000_ifs_food_sqf_haccp_avanzado.jpeg\" data-elementor-open-lightbox=\"yes\" data-elementor-lightbox-title=\"Webinar_Gratuito_implementacion_normas_gfsi_brcgs_food_safety_v9_packaging_material_v7_fssc_22000_ifs_food_sqf_haccp_avanzado\" data-e-action-hash=\"#elementor-action%3Aaction%3Dlightbox%26settings%3DeyJpZCI6MTcsInVybCI6Imh0dHBzOlwvXC90b3RhbGNvbnN1bHRpbmdyb3VwLmNvbVwvc2l0ZVwvd3AtY29udGVudFwvdXBsb2Fkc1wvMjAyNVwvMTFcL1dlYmluYXJfR3JhdHVpdG9faW1wbGVtZW50YWNpb25fbm9ybWFzX2dmc2lfYnJjZ3NfZm9vZF9zYWZldHlfdjlfcGFja2FnaW5nX21hdGVyaWFsX3Y3X2Zzc2NfMjIwMDBfaWZzX2Zvb2Rfc3FmX2hhY2NwX2F2YW56YWRvLmpwZWcifQ%3D%3D\">\n\t\t\t\t\t\t\t<img decoding=\"async\" width=\"1021\" height=\"1024\" src=\"https:\/\/totalconsultingroup.com\/site\/wp-content\/uploads\/2025\/11\/Webinar_Gratuito_implementacion_normas_gfsi_brcgs_food_safety_v9_packaging_material_v7_fssc_22000_ifs_food_sqf_haccp_avanzado-1021x1024.jpeg\" class=\"attachment-large size-large wp-image-17\" alt=\"\" srcset=\"https:\/\/totalconsultingroup.com\/site\/wp-content\/uploads\/2025\/11\/Webinar_Gratuito_implementacion_normas_gfsi_brcgs_food_safety_v9_packaging_material_v7_fssc_22000_ifs_food_sqf_haccp_avanzado-1021x1024.jpeg 1021w, https:\/\/totalconsultingroup.com\/site\/wp-content\/uploads\/2025\/11\/Webinar_Gratuito_implementacion_normas_gfsi_brcgs_food_safety_v9_packaging_material_v7_fssc_22000_ifs_food_sqf_haccp_avanzado-300x300.jpeg 300w, https:\/\/totalconsultingroup.com\/site\/wp-content\/uploads\/2025\/11\/Webinar_Gratuito_implementacion_normas_gfsi_brcgs_food_safety_v9_packaging_material_v7_fssc_22000_ifs_food_sqf_haccp_avanzado-150x150.jpeg 150w, https:\/\/totalconsultingroup.com\/site\/wp-content\/uploads\/2025\/11\/Webinar_Gratuito_implementacion_normas_gfsi_brcgs_food_safety_v9_packaging_material_v7_fssc_22000_ifs_food_sqf_haccp_avanzado-768x770.jpeg 768w, https:\/\/totalconsultingroup.com\/site\/wp-content\/uploads\/2025\/11\/Webinar_Gratuito_implementacion_normas_gfsi_brcgs_food_safety_v9_packaging_material_v7_fssc_22000_ifs_food_sqf_haccp_avanzado-1532x1536.jpeg 1532w, https:\/\/totalconsultingroup.com\/site\/wp-content\/uploads\/2025\/11\/Webinar_Gratuito_implementacion_normas_gfsi_brcgs_food_safety_v9_packaging_material_v7_fssc_22000_ifs_food_sqf_haccp_avanzado.jpeg 1596w\" sizes=\"(max-width: 1021px) 100vw, 1021px\" \/>\t\t\t\t\t\t\t\t<\/a>\n\t\t\t\t\t\t\t\t\t\t\t\t\t\t\t<\/div>\n\t\t\t\t<\/div>\n\t\t<div class=\"elementor-element elementor-element-a1a93e4 e-grid e-con-full e-con e-parent\" data-id=\"a1a93e4\" data-element_type=\"container\">\n\t\t\t\t<div class=\"elementor-element elementor-element-29b06a2 elementor-align-center elementor-widget elementor-widget-button\" data-id=\"29b06a2\" data-element_type=\"widget\" data-widget_type=\"button.default\">\n\t\t\t\t\t\t\t\t\t\t<a class=\"elementor-button elementor-button-link elementor-size-sm\" href=\"https:\/\/docs.google.com\/forms\/u\/5\/d\/1rLerhfpVNoMACrl_duzzo5lVOFG7slfHdNsrAhzxPtY\/preview\" target=\"_blank\">\n\t\t\t\t\t\t<span class=\"elementor-button-content-wrapper\">\n\t\t\t\t\t\t\t\t\t<span class=\"elementor-button-text\">REG\u00cdSTRATE AQU\u00cd<\/span>\n\t\t\t\t\t<\/span>\n\t\t\t\t\t<\/a>\n\t\t\t\t\t\t\t\t<\/div>\n\t\t\t\t<div class=\"elementor-element elementor-element-496beb8 elementor-align-center elementor-widget elementor-widget-button\" data-id=\"496beb8\" data-element_type=\"widget\" data-widget_type=\"button.default\">\n\t\t\t\t\t\t\t\t\t\t<a class=\"elementor-button elementor-button-link elementor-size-sm\" href=\"https:\/\/docs.google.com\/forms\/d\/e\/1FAIpQLSc0dvpNLMnZImlYZPmvmAseyXPNz8aNOXANhbOIsYIaBvLuhA\/viewform\" target=\"_blank\">\n\t\t\t\t\t\t<span class=\"elementor-button-content-wrapper\">\n\t\t\t\t\t\t\t\t\t<span class=\"elementor-button-text\">REG\u00cdSTRATE AQU\u00cd<\/span>\n\t\t\t\t\t<\/span>\n\t\t\t\t\t<\/a>\n\t\t\t\t\t\t\t\t<\/div>\n\t\t\t\t<div class=\"elementor-element elementor-element-9657b63 elementor-align-center elementor-widget elementor-widget-button\" data-id=\"9657b63\" data-element_type=\"widget\" data-widget_type=\"button.default\">\n\t\t\t\t\t\t\t\t\t\t<a class=\"elementor-button elementor-button-link elementor-size-sm\" href=\"https:\/\/docs.google.com\/forms\/d\/1zmpYaO9mp1TMb1RX4uZQfNRUOFLLMCE8Q6FcNrxzpmM\/preview\" target=\"_blank\">\n\t\t\t\t\t\t<span class=\"elementor-button-content-wrapper\">\n\t\t\t\t\t\t\t\t\t<span class=\"elementor-button-text\">REG\u00cdSTRATE AQU\u00cd<\/span>\n\t\t\t\t\t<\/span>\n\t\t\t\t\t<\/a>\n\t\t\t\t\t\t\t\t<\/div>\n\t\t\t\t<\/div>\n\t\t\t\t<\/div>\n\t\t","protected":false},"excerpt":{"rendered":"<p>Todos Cursos Webinars Programas Integrales Especializaciones REG\u00cdSTRATE AQU\u00cd REG\u00cdSTRATE AQU\u00cd REG\u00cdSTRATE AQU\u00cd<\/p>\n","protected":false},"author":1,"featured_media":34,"parent":0,"menu_order":0,"comment_status":"closed","ping_status":"closed","template":"elementor_header_footer","meta":{"site-sidebar-layout":"no-sidebar","site-content-layout":"","ast-site-content-layout":"full-width-container","site-content-style":"default","site-sidebar-style":"default","ast-global-header-display":"","ast-banner-title-visibility":"","ast-main-header-display":"","ast-hfb-above-header-display":"","ast-hfb-below-header-display":"","ast-hfb-mobile-header-display":"","site-post-title":"disabled","ast-breadcrumbs-content":"","ast-featured-img":"disabled","footer-sml-layout":"","theme-transparent-header-meta":"","adv-header-id-meta":"","stick-header-meta":"","header-above-stick-meta":"","header-main-stick-meta":"","header-below-stick-meta":"","astra-migrate-meta-layouts":"default","ast-page-background-enabled":"default","ast-page-background-meta":{"desktop":{"background-color":"var(--ast-global-color-5)","background-image":"","background-repeat":"repeat","background-position":"center center","background-size":"auto","background-attachment":"scroll","background-type":"","background-media":"","overlay-type":"","overlay-color":"","overlay-opacity":"","overlay-gradient":""},"tablet":{"background-color":"","background-image":"","background-repeat":"repeat","background-position":"center center","background-size":"auto","background-attachment":"scroll","background-type":"","background-media":"","overlay-type":"","overlay-color":"","overlay-opacity":"","overlay-gradient":""},"mobile":{"background-color":"","background-image":"","background-repeat":"repeat","background-position":"center center","background-size":"auto","background-attachment":"scroll","background-type":"","background-media":"","overlay-type":"","overlay-color":"","overlay-opacity":"","overlay-gradient":""}},"ast-content-background-meta":{"desktop":{"background-color":"var(--ast-global-color-4)","background-image":"","background-repeat":"repeat","background-position":"center center","background-size":"auto","background-attachment":"scroll","background-type":"","background-media":"","overlay-type":"","overlay-color":"","overlay-opacity":"","overlay-gradient":""},"tablet":{"background-color":"var(--ast-global-color-4)","background-image":"","background-repeat":"repeat","background-position":"center center","background-size":"auto","background-attachment":"scroll","background-type":"","background-media":"","overlay-type":"","overlay-color":"","overlay-opacity":"","overlay-gradient":""},"mobile":{"background-color":"var(--ast-global-color-4)","background-image":"","background-repeat":"repeat","background-position":"center center","background-size":"auto","background-attachment":"scroll","background-type":"","background-media":"","overlay-type":"","overlay-color":"","overlay-opacity":"","overlay-gradient":""}},"footnotes":""},"class_list":["post-31","page","type-page","status-publish","has-post-thumbnail","hentry"],"_links":{"self":[{"href":"https:\/\/totalconsultingroup.com\/site\/wp-json\/wp\/v2\/pages\/31","targetHints":{"allow":["GET"]}}],"collection":[{"href":"https:\/\/totalconsultingroup.com\/site\/wp-json\/wp\/v2\/pages"}],"about":[{"href":"https:\/\/totalconsultingroup.com\/site\/wp-json\/wp\/v2\/types\/page"}],"author":[{"embeddable":true,"href":"https:\/\/totalconsultingroup.com\/site\/wp-json\/wp\/v2\/users\/1"}],"replies":[{"embeddable":true,"href":"https:\/\/totalconsultingroup.com\/site\/wp-json\/wp\/v2\/comments?post=31"}],"version-history":[{"count":88,"href":"https:\/\/totalconsultingroup.com\/site\/wp-json\/wp\/v2\/pages\/31\/revisions"}],"predecessor-version":[{"id":156,"href":"https:\/\/totalconsultingroup.com\/site\/wp-json\/wp\/v2\/pages\/31\/revisions\/156"}],"wp:featuredmedia":[{"embeddable":true,"href":"https:\/\/totalconsultingroup.com\/site\/wp-json\/wp\/v2\/media\/34"}],"wp:attachment":[{"href":"https:\/\/totalconsultingroup.com\/site\/wp-json\/wp\/v2\/media?parent=31"}],"curies":[{"name":"wp","href":"https:\/\/api.w.org\/{rel}","templated":true}]}}